{"id":3,"date":"2023-04-03T13:41:07","date_gmt":"2023-04-03T16:41:07","guid":{"rendered":"http:\/\/producao.navas.design\/pospucpr\/?page_id=3"},"modified":"2023-06-01T17:28:16","modified_gmt":"2023-06-01T20:28:16","slug":"politica-de-privacidade","status":"publish","type":"page","link":"https:\/\/producao.navas.design\/pospucpr\/politica-de-privacidade\/","title":{"rendered":"Pol\u00edtica de privacidade"},"content":{"rendered":"\n<div class=\"wp-block-group alignwide\"><div class=\"wp-block-group__inner-container is-layout-constrained wp-block-group-is-layout-constrained\">\n<p class=\"page-description m-0 color-crimson\">Conhe\u00e7a a<\/p>\n\n\n\n<p class=\"page-title color-off-black\">Pol\u00edtica de privacidade<\/p>\n\n\n\n<p class=\"color-off-black\">A presente Pol\u00edtica tem por finalidade demonstrar o compromisso do Grupo Marista com a privacidade e prote\u00e7\u00e3o dos seus Dados Pessoais, de acordo com as leis em vigor. Queremos refor\u00e7ar o compromisso com a transpar\u00eancia, clareza e a integralidade necess\u00e1ria \u00e0 ader\u00eancia a LGPD, al\u00e9m da total anu\u00eancia de nossos clientes e colaboradores.<\/p>\n\n\n\n<p><strong>CRIAN\u00c7AS, ADOLESCENTES E REPRESENTANTES LEGAIS<\/strong><\/p>\n\n\n\n<p>I. NOTA ESPECIAL PARA CRIAN\u00c7AS E ADOLESCENTES COM IDADE INFERIOR A 18 ANOS<br>Menores de 18 anos n\u00e3o devem se registar na plataforma ou fazer uso dos formul\u00e1rios e\/ou servi\u00e7os que exijam o fornecimento de dados pessoais.<\/p>\n\n\n\n<p><br>II. NOTA ESPECIAL PARA OS REPRESENTANTES LEGAIS<br>Os representantes legais dever\u00e3o supervisionar e representar as crian\u00e7as e adolescentes com idade inferior a 16 (dezesseis) anos e assistir os adolescentes em idade superior a 16 (dezesseis) anos e inferior a 18 (dezoito) anos, sempre que aplic\u00e1vel.<\/p>\n\n\n\n<p><strong>SOBRE A COLETA DOS DADOS PESSOAIS E LOCAIS ONDE OS COLETAMOS<\/strong><\/p>\n\n\n\n<ol class=\"wp-block-list\">\n<li>Sobre os dados pessoais que coletamos\n<ul class=\"list-alph wp-block-list\">\n<li>Com o prop\u00f3sito de zelar pela privacidade do titular, entendemos que todo e qualquer tratamento de dados pessoais deve ser limitado ao m\u00ednimo necess\u00e1rio, pertinente e proporcional para viabilizar a finalidade pretendida.<\/li>\n\n\n\n<li>As informa\u00e7\u00f5es citadas nos itens abaixo poder\u00e3o ser coletadas sempre que necess\u00e1rio. Por\u00e9m, tamb\u00e9m podemos coletar outros dados pessoais, cuja finalidade de tratamento ser\u00e1 informada de forma clara e transparente no momento da coleta. Quando a coleta de dados adicionais for necess\u00e1ria, solicitaremos o consentimento do titular.\n<ul class=\"list-rom wp-block-list\">\n<li>Nome completo, endere\u00e7o completo, g\u00eanero, data de nascimento, RG, CPF, CNH, n\u00famero de telefone, estado civil, e-mail, profiss\u00e3o, hist\u00f3rico profissional, hist\u00f3rico escolar, nome da m\u00e3e e do pai.<br><\/li>\n\n\n\n<li>Dados banc\u00e1rios, cart\u00e3o de cr\u00e9dito ou d\u00e9bito (para processamento de pagamento e eventuais reembolsos).<br><\/li>\n\n\n\n<li>Voz, quando h\u00e1 contato por meio de algum dos canais de Servi\u00e7o de Atendimento ao titular (grava\u00e7\u00e3o do atendimento).<br><\/li>\n\n\n\n<li>Confirma\u00e7\u00e3o de identidade (respostas \u00e0s perguntas de recupera\u00e7\u00e3o de senha e outras informa\u00e7\u00f5es de seguran\u00e7a para abertura de chamados em aplicativos).<br><\/li>\n\n\n\n<li>Prefer\u00eancias por produtos, servi\u00e7os e atividades espec\u00edficas. Essas informa\u00e7\u00f5es s\u00e3o fornecidas pelo pr\u00f3prio titular, ou deduz\u00edvel a partir da forma como ele usa os produtos e servi\u00e7os (para maiores esclarecimentos sobre os dados coletados atrav\u00e9s de cookies e outras tecnologias, consulte nossa Pol\u00edtica de Cookies).<br><\/li>\n\n\n\n<li>Hist\u00f3rico da sua navega\u00e7\u00e3o para eventual uso de ofertas e recomenda\u00e7\u00f5es personalizadas (nas hip\u00f3teses de consentimento).<\/li>\n<\/ul>\n<\/li>\n<\/ul>\n<\/li>\n<\/ol>\n\n\n\n<p><strong>COMPARTILHAMENTO DE DADOS ANONIMIZADOS<\/strong><\/p>\n\n\n\n<ul class=\"wp-block-list\">\n<li>Anonimiza\u00e7\u00e3o de Dados<\/li>\n<\/ul>\n\n\n\n<p>Para as finalidades de pesquisas de intelig\u00eancia de mercado, divulga\u00e7\u00e3o de informa\u00e7\u00f5es \u00e0 imprensa e realiza\u00e7\u00e3o de propagandas, os dados ser\u00e3o compartilhados de maneira anonimizada, de forma que n\u00e3o possibilite a sua identifica\u00e7\u00e3o.<\/p>\n\n\n\n<p><strong>COMPARTILHAMENTO DE DADOS PESSOAIS COM ENTIDADES E TERCEIROS<\/strong><\/p>\n\n\n\n<ul class=\"wp-block-list\">\n<li>Compartilhamento com terceiros<\/li>\n<\/ul>\n\n\n\n<p>Eventualmente, \u00e9 poss\u00edvel que o terceiro com quem os seus dados s\u00e3o compartilhados se encontre fora do Brasil. Nesse caso, n\u00f3s daremos prefer\u00eancia para que essa transfer\u00eancia ocorra apenas para os pa\u00edses que possuem um grau de seguran\u00e7a similar ao previsto pela legisla\u00e7\u00e3o brasileira. O compartilhamento com empresas do Grupo Marista ou at\u00e9 mesmo para empresas parceiras acontecer\u00e1 quando necess\u00e1rio para o cumprimento de contrato firmado junto ao titular, destacando sempre a finalidade no momento da contrata\u00e7\u00e3o e quando a Autoridade Nacional de Prote\u00e7\u00e3o de Dados Pessoais assim autorizar. Caso isso n\u00e3o seja poss\u00edvel, n\u00f3s utilizaremos de cl\u00e1usulas contratuais apropriadas e de auditorias pr\u00e9vias, com o prop\u00f3sito de assegurar que os terceiros que recebam os seus dados pessoais observem os padr\u00f5es de prote\u00e7\u00e3o da LGPD.<\/p>\n<\/div><\/div>\n","protected":false},"excerpt":{"rendered":"<p>Conhe\u00e7a a Pol\u00edtica de privacidade A presente Pol\u00edtica tem por finalidade demonstrar o compromisso do&#8230;<\/p>\n","protected":false},"author":1,"featured_media":0,"parent":0,"menu_order":0,"comment_status":"closed","ping_status":"open","template":"","meta":{"footnotes":""},"class_list":["post-3","page","type-page","status-publish","hentry"],"yoast_head":"<!-- This site is optimized with the Yoast SEO Premium plugin v20.8 (Yoast SEO v27.2) - https:\/\/yoast.com\/product\/yoast-seo-premium-wordpress\/ -->\n<title>Pol\u00edtica de privacidade - P\u00f3s-Gradua\u00e7\u00e3o Lato Sensu - PUCPR<\/title>\n<meta name=\"robots\" content=\"noindex, follow, max-snippet:-1, max-image-preview:large, max-video-preview:-1\" \/>\n<meta property=\"og:locale\" content=\"pt_BR\" \/>\n<meta property=\"og:type\" content=\"article\" \/>\n<meta property=\"og:title\" content=\"Pol\u00edtica de privacidade\" \/>\n<meta property=\"og:description\" content=\"Conhe\u00e7a a Pol\u00edtica de privacidade A presente Pol\u00edtica tem por finalidade demonstrar o compromisso do...\" \/>\n<meta property=\"og:url\" content=\"https:\/\/producao.navas.design\/pospucpr\/politica-de-privacidade\/\" \/>\n<meta property=\"og:site_name\" content=\"P\u00f3s-Gradua\u00e7\u00e3o Lato Sensu - PUCPR\" \/>\n<meta property=\"article:modified_time\" content=\"2023-06-01T20:28:16+00:00\" \/>\n<meta name=\"twitter:card\" content=\"summary_large_image\" \/>\n<meta name=\"twitter:label1\" content=\"Est. tempo de leitura\" \/>\n\t<meta name=\"twitter:data1\" content=\"3 minutos\" \/>\n<!-- \/ Yoast SEO Premium plugin. -->","yoast_head_json":{"title":"Pol\u00edtica de privacidade - P\u00f3s-Gradua\u00e7\u00e3o Lato Sensu - PUCPR","robots":{"index":"noindex","follow":"follow","max-snippet":"max-snippet:-1","max-image-preview":"max-image-preview:large","max-video-preview":"max-video-preview:-1"},"og_locale":"pt_BR","og_type":"article","og_title":"Pol\u00edtica de privacidade","og_description":"Conhe\u00e7a a Pol\u00edtica de privacidade A presente Pol\u00edtica tem por finalidade demonstrar o compromisso do...","og_url":"https:\/\/producao.navas.design\/pospucpr\/politica-de-privacidade\/","og_site_name":"P\u00f3s-Gradua\u00e7\u00e3o Lato Sensu - PUCPR","article_modified_time":"2023-06-01T20:28:16+00:00","twitter_card":"summary_large_image","twitter_misc":{"Est. tempo de leitura":"3 minutos"},"schema":{"@context":"https:\/\/schema.org","@graph":[{"@type":"WebPage","@id":"https:\/\/producao.navas.design\/pospucpr\/politica-de-privacidade\/","url":"https:\/\/producao.navas.design\/pospucpr\/politica-de-privacidade\/","name":"Pol\u00edtica de privacidade - P\u00f3s-Gradua\u00e7\u00e3o Lato Sensu - PUCPR","isPartOf":{"@id":"https:\/\/producao.navas.design\/pospucpr\/#website"},"datePublished":"2023-04-03T16:41:07+00:00","dateModified":"2023-06-01T20:28:16+00:00","breadcrumb":{"@id":"https:\/\/producao.navas.design\/pospucpr\/politica-de-privacidade\/#breadcrumb"},"inLanguage":"pt-BR","potentialAction":[{"@type":"ReadAction","target":["https:\/\/producao.navas.design\/pospucpr\/politica-de-privacidade\/"]}]},{"@type":"BreadcrumbList","@id":"https:\/\/producao.navas.design\/pospucpr\/politica-de-privacidade\/#breadcrumb","itemListElement":[{"@type":"ListItem","position":1,"name":"Home","item":"https:\/\/producao.navas.design\/pospucpr\/"},{"@type":"ListItem","position":2,"name":"Pol\u00edtica de privacidade"}]},{"@type":"WebSite","@id":"https:\/\/producao.navas.design\/pospucpr\/#website","url":"https:\/\/producao.navas.design\/pospucpr\/","name":"P\u00f3s-Gradua\u00e7\u00e3o Lato Sensu - PUCPR","description":"","publisher":{"@id":"https:\/\/producao.navas.design\/pospucpr\/#organization"},"potentialAction":[{"@type":"SearchAction","target":{"@type":"EntryPoint","urlTemplate":"https:\/\/producao.navas.design\/pospucpr\/?s={search_term_string}"},"query-input":{"@type":"PropertyValueSpecification","valueRequired":true,"valueName":"search_term_string"}}],"inLanguage":"pt-BR"},{"@type":"Organization","@id":"https:\/\/producao.navas.design\/pospucpr\/#organization","name":"P\u00f3s-Gradua\u00e7\u00e3o Lato Sensu - PUCPR","url":"https:\/\/producao.navas.design\/pospucpr\/","logo":{"@type":"ImageObject","inLanguage":"pt-BR","@id":"https:\/\/producao.navas.design\/pospucpr\/#\/schema\/logo\/image\/","url":"https:\/\/producao.navas.design\/pospucpr\/wp-content\/uploads\/2023\/04\/Logo.svg","contentUrl":"https:\/\/producao.navas.design\/pospucpr\/wp-content\/uploads\/2023\/04\/Logo.svg","width":116,"height":48,"caption":"P\u00f3s-Gradua\u00e7\u00e3o Lato Sensu - PUCPR"},"image":{"@id":"https:\/\/producao.navas.design\/pospucpr\/#\/schema\/logo\/image\/"}}]}},"acf":[],"_links":{"self":[{"href":"https:\/\/producao.navas.design\/pospucpr\/wp-json\/wp\/v2\/pages\/3","targetHints":{"allow":["GET"]}}],"collection":[{"href":"https:\/\/producao.navas.design\/pospucpr\/wp-json\/wp\/v2\/pages"}],"about":[{"href":"https:\/\/producao.navas.design\/pospucpr\/wp-json\/wp\/v2\/types\/page"}],"author":[{"embeddable":true,"href":"https:\/\/producao.navas.design\/pospucpr\/wp-json\/wp\/v2\/users\/1"}],"replies":[{"embeddable":true,"href":"https:\/\/producao.navas.design\/pospucpr\/wp-json\/wp\/v2\/comments?post=3"}],"version-history":[{"count":0,"href":"https:\/\/producao.navas.design\/pospucpr\/wp-json\/wp\/v2\/pages\/3\/revisions"}],"wp:attachment":[{"href":"https:\/\/producao.navas.design\/pospucpr\/wp-json\/wp\/v2\/media?parent=3"}],"curies":[{"name":"wp","href":"https:\/\/api.w.org\/{rel}","templated":true}]}}